{"id":15,"date":"2013-06-08T22:43:32","date_gmt":"2013-06-08T20:43:32","guid":{"rendered":"http:\/\/polsterei-diewald.de\/wordpress-data\/?page_id=15"},"modified":"2018-10-07T17:32:34","modified_gmt":"2018-10-07T15:32:34","slug":"antikes","status":"publish","type":"page","link":"https:\/\/polsterei-diewald.de\/?page_id=15","title":{"rendered":"Antikes"},"content":{"rendered":"<p>Hier eine Auswahl aus unserem Angebot antiker M\u00f6bel. Verf\u00fcgbarkeit und Preise auf Anfrage. Am besten kommen Sie einfach vorbei und schauen sich die St\u00fccke vor Ort an.<\/p>\n<p>&nbsp;<\/p>\n<p><a href=\"http:\/\/polsterei-diewald.de\/wordpress-data\/wp-content\/uploads\/2013\/06\/copy-IMG_0025_jpg.jpg\"><img loading=\"lazy\" class=\"aligncenter size-large wp-image-7\" alt=\"copy-IMG_0025_jpg.jpg\" src=\"http:\/\/polsterei-diewald.de\/wordpress-data\/wp-content\/uploads\/2013\/06\/copy-IMG_0025_jpg-1024x768.jpg\" width=\"640\" height=\"480\" srcset=\"https:\/\/polsterei-diewald.de\/wordpress-data\/wp-content\/uploads\/2013\/06\/copy-IMG_0025_jpg-1024x768.jpg 1024w, https:\/\/polsterei-diewald.de\/wordpress-data\/wp-content\/uploads\/2013\/06\/copy-IMG_0025_jpg-300x225.jpg 300w, https:\/\/polsterei-diewald.de\/wordpress-data\/wp-content\/uploads\/2013\/06\/copy-IMG_0025_jpg-624x468.jpg 624w, https:\/\/polsterei-diewald.de\/wordpress-data\/wp-content\/uploads\/2013\/06\/copy-IMG_0025_jpg.jpg 1600w\" sizes=\"(max-width: 640px) 100vw, 640px\" \/><\/a><\/p>\n<p><a href=\"http:\/\/polsterei-diewald.de\/wordpress-data\/wp-content\/uploads\/2013\/06\/cropped-IMG_0014_jpg11.jpg\"><img loading=\"lazy\" class=\"aligncenter size-full wp-image-5\" alt=\"cropped-IMG_0014_jpg11.jpg\" src=\"http:\/\/polsterei-diewald.de\/wordpress-data\/wp-content\/uploads\/2013\/06\/cropped-IMG_0014_jpg11.jpg\" width=\"940\" height=\"564\" srcset=\"https:\/\/polsterei-diewald.de\/wordpress-data\/wp-content\/uploads\/2013\/06\/cropped-IMG_0014_jpg11.jpg 940w, https:\/\/polsterei-diewald.de\/wordpress-data\/wp-content\/uploads\/2013\/06\/cropped-IMG_0014_jpg11-300x180.jpg 300w\" sizes=\"(max-width: 940px) 100vw, 940px\" \/><\/a><\/p>\n<p>&nbsp;<\/p>\n<div id=\"attachment_116\" style=\"width: 1125px\" class=\"wp-caption aligncenter\"><a href=\"http:\/\/polsterei-diewald.de\/wordpress-data\/wp-content\/uploads\/2013\/06\/IMG_0028_jpg.jpg\"><img aria-describedby=\"caption-attachment-116\" loading=\"lazy\" class=\"size-full wp-image-116\" alt=\"Antikes Sofa mit zwei Sesseln und Fussbank\" src=\"http:\/\/polsterei-diewald.de\/wordpress-data\/wp-content\/uploads\/2013\/06\/IMG_0028_jpg.jpg\" width=\"1115\" height=\"734\" srcset=\"https:\/\/polsterei-diewald.de\/wordpress-data\/wp-content\/uploads\/2013\/06\/IMG_0028_jpg.jpg 1115w, https:\/\/polsterei-diewald.de\/wordpress-data\/wp-content\/uploads\/2013\/06\/IMG_0028_jpg-300x197.jpg 300w, https:\/\/polsterei-diewald.de\/wordpress-data\/wp-content\/uploads\/2013\/06\/IMG_0028_jpg-1024x674.jpg 1024w\" sizes=\"(max-width: 1115px) 100vw, 1115px\" \/><\/a><p id=\"caption-attachment-116\" class=\"wp-caption-text\">Antikes Sofa mit zwei Sesseln und Fussbank<\/p><\/div>\n<div id=\"attachment_117\" style=\"width: 852px\" class=\"wp-caption aligncenter\"><a href=\"http:\/\/polsterei-diewald.de\/wordpress-data\/wp-content\/uploads\/2013\/06\/IMG_0019_jpg.jpg\"><img aria-describedby=\"caption-attachment-117\" loading=\"lazy\" class=\"size-full wp-image-117\" alt=\"Sehr sch\u00f6ne Wurzelholz Komode\" src=\"http:\/\/polsterei-diewald.de\/wordpress-data\/wp-content\/uploads\/2013\/06\/IMG_0019_jpg.jpg\" width=\"842\" height=\"750\" srcset=\"https:\/\/polsterei-diewald.de\/wordpress-data\/wp-content\/uploads\/2013\/06\/IMG_0019_jpg.jpg 842w, https:\/\/polsterei-diewald.de\/wordpress-data\/wp-content\/uploads\/2013\/06\/IMG_0019_jpg-300x267.jpg 300w\" sizes=\"(max-width: 842px) 100vw, 842px\" \/><\/a><p id=\"caption-attachment-117\" class=\"wp-caption-text\">Sehr sch\u00f6ne antike Wurzelholz Kommode<\/p><\/div>\n<div id=\"attachment_106\" style=\"width: 667px\" class=\"wp-caption aligncenter\"><a href=\"http:\/\/polsterei-diewald.de\/wordpress-data\/wp-content\/uploads\/2013\/06\/IMG_0077_jpg.jpg\"><img aria-describedby=\"caption-attachment-106\" loading=\"lazy\" class=\"size-full wp-image-106\" alt=\"Thronsessel aus einem 8er Satz. Jeder individuell gefertigt. Ideal f\u00fcr einen gro\u00dfen Landsitz oder Schloss.\" src=\"http:\/\/polsterei-diewald.de\/wordpress-data\/wp-content\/uploads\/2013\/06\/IMG_0077_jpg.jpg\" width=\"657\" height=\"1001\" srcset=\"https:\/\/polsterei-diewald.de\/wordpress-data\/wp-content\/uploads\/2013\/06\/IMG_0077_jpg.jpg 657w, https:\/\/polsterei-diewald.de\/wordpress-data\/wp-content\/uploads\/2013\/06\/IMG_0077_jpg-196x300.jpg 196w\" sizes=\"(max-width: 657px) 100vw, 657px\" \/><\/a><p id=\"caption-attachment-106\" class=\"wp-caption-text\">Thronsessel aus einem 8er Satz. Jeder individuell gefertigt. Ideal f\u00fcr einen gro\u00dfen Landsitz oder Schloss<\/p><\/div>\n<div id=\"attachment_107\" style=\"width: 826px\" class=\"wp-caption aligncenter\"><a href=\"http:\/\/polsterei-diewald.de\/wordpress-data\/wp-content\/uploads\/2013\/06\/IMG_0075_jpg.jpg\"><img aria-describedby=\"caption-attachment-107\" loading=\"lazy\" class=\"size-full wp-image-107\" alt=\"Antiker runder Esstisch mit 6 St\u00fchlen\" src=\"http:\/\/polsterei-diewald.de\/wordpress-data\/wp-content\/uploads\/2013\/06\/IMG_0075_jpg.jpg\" width=\"816\" height=\"612\" srcset=\"https:\/\/polsterei-diewald.de\/wordpress-data\/wp-content\/uploads\/2013\/06\/IMG_0075_jpg.jpg 816w, https:\/\/polsterei-diewald.de\/wordpress-data\/wp-content\/uploads\/2013\/06\/IMG_0075_jpg-300x225.jpg 300w\" sizes=\"(max-width: 816px) 100vw, 816px\" \/><\/a><p id=\"caption-attachment-107\" class=\"wp-caption-text\">Antiker runder Esstisch mit 6 St\u00fchlen<\/p><\/div>\n<p><a href=\"http:\/\/polsterei-diewald.de\/wordpress-data\/wp-content\/uploads\/2013\/06\/IMG_0032_jpg.jpg\"><img loading=\"lazy\" class=\"aligncenter size-full wp-image-114\" alt=\"IMG_0032_jpg\" src=\"http:\/\/polsterei-diewald.de\/wordpress-data\/wp-content\/uploads\/2013\/06\/IMG_0032_jpg.jpg\" width=\"1525\" height=\"947\" srcset=\"https:\/\/polsterei-diewald.de\/wordpress-data\/wp-content\/uploads\/2013\/06\/IMG_0032_jpg.jpg 1525w, https:\/\/polsterei-diewald.de\/wordpress-data\/wp-content\/uploads\/2013\/06\/IMG_0032_jpg-300x186.jpg 300w, https:\/\/polsterei-diewald.de\/wordpress-data\/wp-content\/uploads\/2013\/06\/IMG_0032_jpg-1024x635.jpg 1024w\" sizes=\"(max-width: 1525px) 100vw, 1525px\" \/><\/a> <a href=\"http:\/\/polsterei-diewald.de\/wordpress-data\/wp-content\/uploads\/2013\/06\/IMG_0061_jpg.jpg\"><img loading=\"lazy\" class=\"aligncenter size-full wp-image-110\" alt=\"IMG_0061_jpg\" src=\"http:\/\/polsterei-diewald.de\/wordpress-data\/wp-content\/uploads\/2013\/06\/IMG_0061_jpg.jpg\" width=\"696\" height=\"916\" srcset=\"https:\/\/polsterei-diewald.de\/wordpress-data\/wp-content\/uploads\/2013\/06\/IMG_0061_jpg.jpg 696w, https:\/\/polsterei-diewald.de\/wordpress-data\/wp-content\/uploads\/2013\/06\/IMG_0061_jpg-227x300.jpg 227w\" sizes=\"(max-width: 696px) 100vw, 696px\" \/><\/a><\/p>\n<p>&nbsp;<\/p>\n<p>&nbsp;<\/p>\n<p>&nbsp;<\/p>\n","protected":false},"excerpt":{"rendered":"<p>Hier eine Auswahl aus unserem Angebot antiker M\u00f6bel. Verf\u00fcgbarkeit und Preise auf Anfrage. Am besten kommen Sie einfach vorbei und schauen sich die St\u00fccke vor Ort an. &nbsp; &nbsp; &nbsp; &nbsp; &nbsp;<\/p>\n","protected":false},"author":1,"featured_media":222,"parent":2,"menu_order":3,"comment_status":"closed","ping_status":"closed","template":"","meta":[],"yoast_head":"<!-- This site is optimized with the Yoast SEO plugin v20.6 - https:\/\/yoast.com\/wordpress\/plugins\/seo\/ -->\n<title>Antikes - Polsterei Diewald<\/title>\n<meta name=\"robots\" content=\"index, follow, max-snippet:-1, max-image-preview:large, max-video-preview:-1\" \/>\n<link rel=\"canonical\" href=\"https:\/\/polsterei-diewald.de\/?page_id=15\" \/>\n<meta property=\"og:locale\" content=\"de_DE\" \/>\n<meta property=\"og:type\" content=\"article\" \/>\n<meta property=\"og:title\" content=\"Antikes - Polsterei Diewald\" \/>\n<meta property=\"og:description\" content=\"Hier eine Auswahl aus unserem Angebot antiker M\u00f6bel. Verf\u00fcgbarkeit und Preise auf Anfrage. Am besten kommen Sie einfach vorbei und schauen sich die St\u00fccke vor Ort an. &nbsp; &nbsp; &nbsp; &nbsp; &nbsp;\" \/>\n<meta property=\"og:url\" content=\"https:\/\/polsterei-diewald.de\/?page_id=15\" \/>\n<meta property=\"og:site_name\" content=\"Polsterei Diewald\" \/>\n<meta property=\"article:modified_time\" content=\"2018-10-07T15:32:34+00:00\" \/>\n<meta property=\"og:image\" content=\"https:\/\/polsterei-diewald.de\/wordpress-data\/wp-content\/uploads\/2013\/06\/chesterfield-sofa_mod.jpg\" \/>\n\t<meta property=\"og:image:width\" content=\"941\" \/>\n\t<meta property=\"og:image:height\" content=\"199\" \/>\n\t<meta property=\"og:image:type\" content=\"image\/jpeg\" \/>\n<meta name=\"twitter:card\" content=\"summary_large_image\" \/>\n<script type=\"application\/ld+json\" class=\"yoast-schema-graph\">{\"@context\":\"https:\/\/schema.org\",\"@graph\":[{\"@type\":\"WebPage\",\"@id\":\"https:\/\/polsterei-diewald.de\/?page_id=15\",\"url\":\"https:\/\/polsterei-diewald.de\/?page_id=15\",\"name\":\"Antikes - Polsterei Diewald\",\"isPartOf\":{\"@id\":\"https:\/\/polsterei-diewald.de\/#website\"},\"datePublished\":\"2013-06-08T20:43:32+00:00\",\"dateModified\":\"2018-10-07T15:32:34+00:00\",\"breadcrumb\":{\"@id\":\"https:\/\/polsterei-diewald.de\/?page_id=15#breadcrumb\"},\"inLanguage\":\"de\",\"potentialAction\":[{\"@type\":\"ReadAction\",\"target\":[\"https:\/\/polsterei-diewald.de\/?page_id=15\"]}]},{\"@type\":\"BreadcrumbList\",\"@id\":\"https:\/\/polsterei-diewald.de\/?page_id=15#breadcrumb\",\"itemListElement\":[{\"@type\":\"ListItem\",\"position\":1,\"name\":\"Startseite\",\"item\":\"https:\/\/polsterei-diewald.de\/\"},{\"@type\":\"ListItem\",\"position\":2,\"name\":\"Herzlich Willkommen bei der Polsterei Diewald\",\"item\":\"https:\/\/polsterei-diewald.de\/\"},{\"@type\":\"ListItem\",\"position\":3,\"name\":\"Antikes\"}]},{\"@type\":\"WebSite\",\"@id\":\"https:\/\/polsterei-diewald.de\/#website\",\"url\":\"https:\/\/polsterei-diewald.de\/\",\"name\":\"Polsterei Diewald\",\"description\":\"Gardinen und M\u00f6bel aus Meisterhand\",\"potentialAction\":[{\"@type\":\"SearchAction\",\"target\":{\"@type\":\"EntryPoint\",\"urlTemplate\":\"https:\/\/polsterei-diewald.de\/?s={search_term_string}\"},\"query-input\":\"required name=search_term_string\"}],\"inLanguage\":\"de\"}]}<\/script>\n<!-- \/ Yoast SEO plugin. -->","yoast_head_json":{"title":"Antikes - Polsterei Diewald","robots":{"index":"index","follow":"follow","max-snippet":"max-snippet:-1","max-image-preview":"max-image-preview:large","max-video-preview":"max-video-preview:-1"},"canonical":"https:\/\/polsterei-diewald.de\/?page_id=15","og_locale":"de_DE","og_type":"article","og_title":"Antikes - Polsterei Diewald","og_description":"Hier eine Auswahl aus unserem Angebot antiker M\u00f6bel. Verf\u00fcgbarkeit und Preise auf Anfrage. Am besten kommen Sie einfach vorbei und schauen sich die St\u00fccke vor Ort an. &nbsp; &nbsp; &nbsp; &nbsp; &nbsp;","og_url":"https:\/\/polsterei-diewald.de\/?page_id=15","og_site_name":"Polsterei Diewald","article_modified_time":"2018-10-07T15:32:34+00:00","og_image":[{"width":941,"height":199,"url":"https:\/\/polsterei-diewald.de\/wordpress-data\/wp-content\/uploads\/2013\/06\/chesterfield-sofa_mod.jpg","type":"image\/jpeg"}],"twitter_card":"summary_large_image","schema":{"@context":"https:\/\/schema.org","@graph":[{"@type":"WebPage","@id":"https:\/\/polsterei-diewald.de\/?page_id=15","url":"https:\/\/polsterei-diewald.de\/?page_id=15","name":"Antikes - Polsterei Diewald","isPartOf":{"@id":"https:\/\/polsterei-diewald.de\/#website"},"datePublished":"2013-06-08T20:43:32+00:00","dateModified":"2018-10-07T15:32:34+00:00","breadcrumb":{"@id":"https:\/\/polsterei-diewald.de\/?page_id=15#breadcrumb"},"inLanguage":"de","potentialAction":[{"@type":"ReadAction","target":["https:\/\/polsterei-diewald.de\/?page_id=15"]}]},{"@type":"BreadcrumbList","@id":"https:\/\/polsterei-diewald.de\/?page_id=15#breadcrumb","itemListElement":[{"@type":"ListItem","position":1,"name":"Startseite","item":"https:\/\/polsterei-diewald.de\/"},{"@type":"ListItem","position":2,"name":"Herzlich Willkommen bei der Polsterei Diewald","item":"https:\/\/polsterei-diewald.de\/"},{"@type":"ListItem","position":3,"name":"Antikes"}]},{"@type":"WebSite","@id":"https:\/\/polsterei-diewald.de\/#website","url":"https:\/\/polsterei-diewald.de\/","name":"Polsterei Diewald","description":"Gardinen und M\u00f6bel aus Meisterhand","potentialAction":[{"@type":"SearchAction","target":{"@type":"EntryPoint","urlTemplate":"https:\/\/polsterei-diewald.de\/?s={search_term_string}"},"query-input":"required name=search_term_string"}],"inLanguage":"de"}]}},"_links":{"self":[{"href":"https:\/\/polsterei-diewald.de\/index.php?rest_route=\/wp\/v2\/pages\/15"}],"collection":[{"href":"https:\/\/polsterei-diewald.de\/index.php?rest_route=\/wp\/v2\/pages"}],"about":[{"href":"https:\/\/polsterei-diewald.de\/index.php?rest_route=\/wp\/v2\/types\/page"}],"author":[{"embeddable":true,"href":"https:\/\/polsterei-diewald.de\/index.php?rest_route=\/wp\/v2\/users\/1"}],"replies":[{"embeddable":true,"href":"https:\/\/polsterei-diewald.de\/index.php?rest_route=%2Fwp%2Fv2%2Fcomments&post=15"}],"version-history":[{"count":34,"href":"https:\/\/polsterei-diewald.de\/index.php?rest_route=\/wp\/v2\/pages\/15\/revisions"}],"predecessor-version":[{"id":265,"href":"https:\/\/polsterei-diewald.de\/index.php?rest_route=\/wp\/v2\/pages\/15\/revisions\/265"}],"up":[{"embeddable":true,"href":"https:\/\/polsterei-diewald.de\/index.php?rest_route=\/wp\/v2\/pages\/2"}],"wp:featuredmedia":[{"embeddable":true,"href":"https:\/\/polsterei-diewald.de\/index.php?rest_route=\/wp\/v2\/media\/222"}],"wp:attachment":[{"href":"https:\/\/polsterei-diewald.de\/index.php?rest_route=%2Fwp%2Fv2%2Fmedia&parent=15"}],"curies":[{"name":"wp","href":"https:\/\/api.w.org\/{rel}","templated":true}]}}