{"id":19,"date":"2013-06-08T22:52:40","date_gmt":"2013-06-08T20:52:40","guid":{"rendered":"http:\/\/polsterei-diewald.de\/wordpress-data\/?page_id=19"},"modified":"2018-10-07T17:25:01","modified_gmt":"2018-10-07T15:25:01","slug":"polsterei","status":"publish","type":"page","link":"https:\/\/polsterei-diewald.de\/?page_id=19","title":{"rendered":"Polsterei"},"content":{"rendered":"<p>Die Polsterei geh\u00f6rt zu einem der Kernbereiche unseres Familienunternehmens.<\/p>\n<p>Was macht unsere Polsterei:<\/p>\n<ul>\n<li style=\"text-align: justify;\"><span style=\"font-size: 16px;\">Aufarbeitung und Polstern von Garnituren, St\u00fchlen, Eckb\u00e4nken, Sesseln, Fernsehsessel, Hockern<\/span><\/li>\n<li style=\"text-align: justify;\"><span style=\"font-size: 16px;\">Neu- und Sonderanfertigungen von Sofas, Sesseln, Garnituren und Wohnlandschaften, Eckb\u00e4nken, St\u00fchlen, Kissen, Matratzen nach Ma\u00df, Auflagen f\u00fcr Gartenm\u00f6bel und vieles mehr<\/span><\/li>\n<li style=\"text-align: justify;\"><span style=\"font-size: 16px;\">Aufarbeitung und Polstern von M\u00f6beln aus Restaurants, Cafes, Bistros, Hotels, Ferienwohnungen, Bussen<\/span><\/li>\n<li style=\"text-align: justify;\"><span style=\"font-size: 16px;\">Polstern von Kirchenb\u00e4nken und Knieb\u00e4nken<\/span><\/li>\n<li style=\"text-align: justify;\"><span style=\"font-size: 16px;\">Sattlerarbeiten wie bspw. Motorrad Sitzb\u00e4nke, LKW-Sitze, Bus-Sitze, Traktorsitze<\/span><\/li>\n<\/ul>\n<p style=\"text-align: justify;\">Unser Motto: \u00a0Qualit\u00e4t lohnt sich immer!<\/p>\n<ul>\n<li><span style=\"font-size: 16px;\">Bei der Herstellung unserer Polsterm\u00f6bel verwenden wir nur Massivholzgestelle aus Buche oder Eiche. <\/span><\/li>\n<li><span style=\"font-size: 16px;\">Wir haben immer eine gro\u00dfe Auswahl an Stoffen, Leder und Kunstleder namhafter Hersteller. <\/span><\/li>\n<li><span style=\"font-size: 16px;\">Wir legen sehr gro\u00dfen Wert auf Qualit\u00e4t und Vielfalt, damit Sie t\u00e4glich Freude an Ihren M\u00f6beln haben.<\/span><\/li>\n<\/ul>\n<p>Hier ein Beispiel eines handgefertigten Polstersessels<\/p>\n<div id=\"attachment_24\" style=\"width: 160px\" class=\"wp-caption aligncenter\"><a href=\"http:\/\/polsterei-diewald.de\/wordpress-data\/wp-content\/uploads\/2013\/06\/Sessel.jpg\"><img aria-describedby=\"caption-attachment-24\" loading=\"lazy\" class=\"size-full wp-image-24\" alt=\"Handgefertigtes hochwertiges massives Hartholz Gestell\" src=\"http:\/\/polsterei-diewald.de\/wordpress-data\/wp-content\/uploads\/2013\/06\/Sessel.jpg\" width=\"150\" height=\"218\" \/><\/a><p id=\"caption-attachment-24\" class=\"wp-caption-text\">Handgefertigtes hochwertiges massives Hartholz Gestell<\/p><\/div>\n<div id=\"attachment_23\" style=\"width: 281px\" class=\"wp-caption aligncenter\"><a href=\"http:\/\/polsterei-diewald.de\/wordpress-data\/wp-content\/uploads\/2013\/06\/Vollpolstersessel-gruen.jpg\"><img aria-describedby=\"caption-attachment-23\" loading=\"lazy\" class=\"size-medium wp-image-23\" alt=\"Sehr sch\u00f6ner, hochwertiger und in Handarbeit gefertigter Sessel.  \" src=\"http:\/\/polsterei-diewald.de\/wordpress-data\/wp-content\/uploads\/2013\/06\/Vollpolstersessel-gruen-271x300.jpg\" width=\"271\" height=\"300\" srcset=\"https:\/\/polsterei-diewald.de\/wordpress-data\/wp-content\/uploads\/2013\/06\/Vollpolstersessel-gruen-271x300.jpg 271w, https:\/\/polsterei-diewald.de\/wordpress-data\/wp-content\/uploads\/2013\/06\/Vollpolstersessel-gruen-925x1024.jpg 925w, https:\/\/polsterei-diewald.de\/wordpress-data\/wp-content\/uploads\/2013\/06\/Vollpolstersessel-gruen.jpg 957w\" sizes=\"(max-width: 271px) 100vw, 271px\" \/><\/a><p id=\"caption-attachment-23\" class=\"wp-caption-text\">Sehr sch\u00f6ner, exclusiver, hochwertiger und in Handarbeit gefertigter Sessel.<\/p><\/div>\n","protected":false},"excerpt":{"rendered":"<p>Die Polsterei geh\u00f6rt zu einem der Kernbereiche unseres Familienunternehmens. Was macht unsere Polsterei: Aufarbeitung und Polstern von Garnituren, St\u00fchlen, Eckb\u00e4nken, Sesseln, Fernsehsessel, Hockern Neu- und Sonderanfertigungen von Sofas, Sesseln, Garnituren und Wohnlandschaften, Eckb\u00e4nken, St\u00fchlen, Kissen, Matratzen nach Ma\u00df, Auflagen f\u00fcr &hellip; <a href=\"https:\/\/polsterei-diewald.de\/?page_id=19\">Weiterlesen <span class=\"meta-nav\">&rarr;<\/span><\/a><\/p>\n","protected":false},"author":1,"featured_media":20,"parent":2,"menu_order":1,"comment_status":"closed","ping_status":"closed","template":"","meta":[],"yoast_head":"<!-- This site is optimized with the Yoast SEO plugin v20.6 - https:\/\/yoast.com\/wordpress\/plugins\/seo\/ -->\n<title>Polsterei - Polsterei Diewald<\/title>\n<meta name=\"robots\" content=\"index, follow, max-snippet:-1, max-image-preview:large, max-video-preview:-1\" \/>\n<link rel=\"canonical\" href=\"https:\/\/polsterei-diewald.de\/?page_id=19\" \/>\n<meta property=\"og:locale\" content=\"de_DE\" \/>\n<meta property=\"og:type\" content=\"article\" \/>\n<meta property=\"og:title\" content=\"Polsterei - Polsterei Diewald\" \/>\n<meta property=\"og:description\" content=\"Die Polsterei geh\u00f6rt zu einem der Kernbereiche unseres Familienunternehmens. Was macht unsere Polsterei: Aufarbeitung und Polstern von Garnituren, St\u00fchlen, Eckb\u00e4nken, Sesseln, Fernsehsessel, Hockern Neu- und Sonderanfertigungen von Sofas, Sesseln, Garnituren und Wohnlandschaften, Eckb\u00e4nken, St\u00fchlen, Kissen, Matratzen nach Ma\u00df, Auflagen f\u00fcr &hellip; Weiterlesen &rarr;\" \/>\n<meta property=\"og:url\" content=\"https:\/\/polsterei-diewald.de\/?page_id=19\" \/>\n<meta property=\"og:site_name\" content=\"Polsterei Diewald\" \/>\n<meta property=\"article:modified_time\" content=\"2018-10-07T15:25:01+00:00\" \/>\n<meta property=\"og:image\" content=\"https:\/\/polsterei-diewald.de\/wordpress-data\/wp-content\/uploads\/2013\/06\/leder5.jpg\" \/>\n\t<meta property=\"og:image:width\" content=\"1600\" \/>\n\t<meta property=\"og:image:height\" content=\"1200\" \/>\n\t<meta property=\"og:image:type\" content=\"image\/jpeg\" \/>\n<meta name=\"twitter:card\" content=\"summary_large_image\" \/>\n<meta name=\"twitter:label1\" content=\"Gesch\u00e4tzte Lesezeit\" \/>\n\t<meta name=\"twitter:data1\" content=\"1\u00a0Minute\" \/>\n<script type=\"application\/ld+json\" class=\"yoast-schema-graph\">{\"@context\":\"https:\/\/schema.org\",\"@graph\":[{\"@type\":\"WebPage\",\"@id\":\"https:\/\/polsterei-diewald.de\/?page_id=19\",\"url\":\"https:\/\/polsterei-diewald.de\/?page_id=19\",\"name\":\"Polsterei - Polsterei Diewald\",\"isPartOf\":{\"@id\":\"https:\/\/polsterei-diewald.de\/#website\"},\"datePublished\":\"2013-06-08T20:52:40+00:00\",\"dateModified\":\"2018-10-07T15:25:01+00:00\",\"breadcrumb\":{\"@id\":\"https:\/\/polsterei-diewald.de\/?page_id=19#breadcrumb\"},\"inLanguage\":\"de\",\"potentialAction\":[{\"@type\":\"ReadAction\",\"target\":[\"https:\/\/polsterei-diewald.de\/?page_id=19\"]}]},{\"@type\":\"BreadcrumbList\",\"@id\":\"https:\/\/polsterei-diewald.de\/?page_id=19#breadcrumb\",\"itemListElement\":[{\"@type\":\"ListItem\",\"position\":1,\"name\":\"Startseite\",\"item\":\"https:\/\/polsterei-diewald.de\/\"},{\"@type\":\"ListItem\",\"position\":2,\"name\":\"Herzlich Willkommen bei der Polsterei Diewald\",\"item\":\"https:\/\/polsterei-diewald.de\/\"},{\"@type\":\"ListItem\",\"position\":3,\"name\":\"Polsterei\"}]},{\"@type\":\"WebSite\",\"@id\":\"https:\/\/polsterei-diewald.de\/#website\",\"url\":\"https:\/\/polsterei-diewald.de\/\",\"name\":\"Polsterei Diewald\",\"description\":\"Gardinen und M\u00f6bel aus Meisterhand\",\"potentialAction\":[{\"@type\":\"SearchAction\",\"target\":{\"@type\":\"EntryPoint\",\"urlTemplate\":\"https:\/\/polsterei-diewald.de\/?s={search_term_string}\"},\"query-input\":\"required name=search_term_string\"}],\"inLanguage\":\"de\"}]}<\/script>\n<!-- \/ Yoast SEO plugin. -->","yoast_head_json":{"title":"Polsterei - Polsterei Diewald","robots":{"index":"index","follow":"follow","max-snippet":"max-snippet:-1","max-image-preview":"max-image-preview:large","max-video-preview":"max-video-preview:-1"},"canonical":"https:\/\/polsterei-diewald.de\/?page_id=19","og_locale":"de_DE","og_type":"article","og_title":"Polsterei - Polsterei Diewald","og_description":"Die Polsterei geh\u00f6rt zu einem der Kernbereiche unseres Familienunternehmens. Was macht unsere Polsterei: Aufarbeitung und Polstern von Garnituren, St\u00fchlen, Eckb\u00e4nken, Sesseln, Fernsehsessel, Hockern Neu- und Sonderanfertigungen von Sofas, Sesseln, Garnituren und Wohnlandschaften, Eckb\u00e4nken, St\u00fchlen, Kissen, Matratzen nach Ma\u00df, Auflagen f\u00fcr &hellip; Weiterlesen &rarr;","og_url":"https:\/\/polsterei-diewald.de\/?page_id=19","og_site_name":"Polsterei Diewald","article_modified_time":"2018-10-07T15:25:01+00:00","og_image":[{"width":1600,"height":1200,"url":"https:\/\/polsterei-diewald.de\/wordpress-data\/wp-content\/uploads\/2013\/06\/leder5.jpg","type":"image\/jpeg"}],"twitter_card":"summary_large_image","twitter_misc":{"Gesch\u00e4tzte Lesezeit":"1\u00a0Minute"},"schema":{"@context":"https:\/\/schema.org","@graph":[{"@type":"WebPage","@id":"https:\/\/polsterei-diewald.de\/?page_id=19","url":"https:\/\/polsterei-diewald.de\/?page_id=19","name":"Polsterei - Polsterei Diewald","isPartOf":{"@id":"https:\/\/polsterei-diewald.de\/#website"},"datePublished":"2013-06-08T20:52:40+00:00","dateModified":"2018-10-07T15:25:01+00:00","breadcrumb":{"@id":"https:\/\/polsterei-diewald.de\/?page_id=19#breadcrumb"},"inLanguage":"de","potentialAction":[{"@type":"ReadAction","target":["https:\/\/polsterei-diewald.de\/?page_id=19"]}]},{"@type":"BreadcrumbList","@id":"https:\/\/polsterei-diewald.de\/?page_id=19#breadcrumb","itemListElement":[{"@type":"ListItem","position":1,"name":"Startseite","item":"https:\/\/polsterei-diewald.de\/"},{"@type":"ListItem","position":2,"name":"Herzlich Willkommen bei der Polsterei Diewald","item":"https:\/\/polsterei-diewald.de\/"},{"@type":"ListItem","position":3,"name":"Polsterei"}]},{"@type":"WebSite","@id":"https:\/\/polsterei-diewald.de\/#website","url":"https:\/\/polsterei-diewald.de\/","name":"Polsterei Diewald","description":"Gardinen und M\u00f6bel aus Meisterhand","potentialAction":[{"@type":"SearchAction","target":{"@type":"EntryPoint","urlTemplate":"https:\/\/polsterei-diewald.de\/?s={search_term_string}"},"query-input":"required name=search_term_string"}],"inLanguage":"de"}]}},"_links":{"self":[{"href":"https:\/\/polsterei-diewald.de\/index.php?rest_route=\/wp\/v2\/pages\/19"}],"collection":[{"href":"https:\/\/polsterei-diewald.de\/index.php?rest_route=\/wp\/v2\/pages"}],"about":[{"href":"https:\/\/polsterei-diewald.de\/index.php?rest_route=\/wp\/v2\/types\/page"}],"author":[{"embeddable":true,"href":"https:\/\/polsterei-diewald.de\/index.php?rest_route=\/wp\/v2\/users\/1"}],"replies":[{"embeddable":true,"href":"https:\/\/polsterei-diewald.de\/index.php?rest_route=%2Fwp%2Fv2%2Fcomments&post=19"}],"version-history":[{"count":17,"href":"https:\/\/polsterei-diewald.de\/index.php?rest_route=\/wp\/v2\/pages\/19\/revisions"}],"predecessor-version":[{"id":176,"href":"https:\/\/polsterei-diewald.de\/index.php?rest_route=\/wp\/v2\/pages\/19\/revisions\/176"}],"up":[{"embeddable":true,"href":"https:\/\/polsterei-diewald.de\/index.php?rest_route=\/wp\/v2\/pages\/2"}],"wp:featuredmedia":[{"embeddable":true,"href":"https:\/\/polsterei-diewald.de\/index.php?rest_route=\/wp\/v2\/media\/20"}],"wp:attachment":[{"href":"https:\/\/polsterei-diewald.de\/index.php?rest_route=%2Fwp%2Fv2%2Fmedia&parent=19"}],"curies":[{"name":"wp","href":"https:\/\/api.w.org\/{rel}","templated":true}]}}