{"id":2,"date":"2013-06-09T16:17:36","date_gmt":"2013-06-09T14:17:36","guid":{"rendered":"http:\/\/polsterei-diewald.de\/wordpress-data\/?page_id=2"},"modified":"2013-06-15T14:29:13","modified_gmt":"2013-06-15T12:29:13","slug":"beispiel-seite","status":"publish","type":"page","link":"https:\/\/polsterei-diewald.de\/","title":{"rendered":"Herzlich Willkommen bei der Polsterei Diewald"},"content":{"rendered":"<p style=\"text-align: justify;\">Wir sind ein traditionelles Familienunternehmen mit \u00fcber\u00a040 Jahren Erfahrung. Unser Familienunternehmen besteht nun in zweiter Generation als Meisterbetrieb. Vater und Sohn haben das Handwerk von Grund auf gelernt. Unsere Werkstatt ist mit modernsten Maschinen ausger\u00fcstet,\u00a0damit Ihre Lieblingsst\u00fccke preiswert, zeitnah und fachgerecht\u00a0im neuen Glanz erstrahlen k\u00f6nnen.<\/p>\n<p style=\"text-align: justify;\">Zu unseren Leistungen geh\u00f6rt so ann\u00e4hernd alles,\u00a0was mit Stoffen und M\u00f6beln zu tun hat.\u00a0Sollten Sie einen au\u00dfergew\u00f6hnlichen Wunsch haben,\u00a0sind Sie bei uns an der richtigen Adresse.<\/p>\n<p style=\"text-align: justify;\">Wir freuen uns, auf Ihre Anfrage. Oder statten Sie uns einen Besuch ab und verbinden diesen mit einem Ausflug in die sch\u00f6ne Eifel, wo sie noch die wahre Natur genie\u00dfen k\u00f6nnen. F\u00fcr Motorsportfreunde ist auch der nahe gelegene N\u00fcrburgring ein Abstecher wert.<\/p>\n<div id=\"attachment_6\" style=\"width: 310px\" class=\"wp-caption aligncenter\"><a href=\"http:\/\/polsterei-diewald.de\/wordpress-data\/wp-content\/uploads\/2013\/06\/IMG_0025_jpg.jpg\"><img aria-describedby=\"caption-attachment-6\" loading=\"lazy\" class=\"size-medium wp-image-6 \" alt=\"Sehr sch\u00f6nes Empire Sofa aus unserem Angebot antiker M\u00f6bel\" src=\"http:\/\/polsterei-diewald.de\/wordpress-data\/wp-content\/uploads\/2013\/06\/IMG_0025_jpg-300x225.jpg\" width=\"300\" height=\"225\" srcset=\"https:\/\/polsterei-diewald.de\/wordpress-data\/wp-content\/uploads\/2013\/06\/IMG_0025_jpg-300x225.jpg 300w, https:\/\/polsterei-diewald.de\/wordpress-data\/wp-content\/uploads\/2013\/06\/IMG_0025_jpg-1024x768.jpg 1024w, https:\/\/polsterei-diewald.de\/wordpress-data\/wp-content\/uploads\/2013\/06\/IMG_0025_jpg-624x468.jpg 624w, https:\/\/polsterei-diewald.de\/wordpress-data\/wp-content\/uploads\/2013\/06\/IMG_0025_jpg.jpg 1600w\" sizes=\"(max-width: 300px) 100vw, 300px\" \/><\/a><p id=\"caption-attachment-6\" class=\"wp-caption-text\">Sehr sch\u00f6nes Empire Sofa aus unserem Angebot antiker M\u00f6bel<\/p><\/div>\n<div id=\"attachment_4\" style=\"width: 310px\" class=\"wp-caption aligncenter\"><a href=\"http:\/\/polsterei-diewald.de\/wordpress-data\/wp-content\/uploads\/2013\/06\/IMG_0014_jpg.jpg\"><img aria-describedby=\"caption-attachment-4\" loading=\"lazy\" class=\"size-medium wp-image-4\" alt=\"Herrliches Biedermeier Sofa aus Kirschbaumholz\" src=\"http:\/\/polsterei-diewald.de\/wordpress-data\/wp-content\/uploads\/2013\/06\/IMG_0014_jpg-300x225.jpg\" width=\"300\" height=\"225\" srcset=\"https:\/\/polsterei-diewald.de\/wordpress-data\/wp-content\/uploads\/2013\/06\/IMG_0014_jpg-300x225.jpg 300w, https:\/\/polsterei-diewald.de\/wordpress-data\/wp-content\/uploads\/2013\/06\/IMG_0014_jpg-1024x768.jpg 1024w, https:\/\/polsterei-diewald.de\/wordpress-data\/wp-content\/uploads\/2013\/06\/IMG_0014_jpg-624x468.jpg 624w, https:\/\/polsterei-diewald.de\/wordpress-data\/wp-content\/uploads\/2013\/06\/IMG_0014_jpg.jpg 1600w\" sizes=\"(max-width: 300px) 100vw, 300px\" \/><\/a><p id=\"caption-attachment-4\" class=\"wp-caption-text\">Herrliches Biedermeier Sofa aus Kirschbaumholz<\/p><\/div>\n<p>&nbsp;<\/p>\n","protected":false},"excerpt":{"rendered":"<p>Wir sind ein traditionelles Familienunternehmen mit \u00fcber\u00a040 Jahren Erfahrung. Unser Familienunternehmen besteht nun in zweiter Generation als Meisterbetrieb. Vater und Sohn haben das Handwerk von Grund auf gelernt. Unsere Werkstatt ist mit modernsten Maschinen ausger\u00fcstet,\u00a0damit Ihre Lieblingsst\u00fccke preiswert, zeitnah und &hellip; <a href=\"https:\/\/polsterei-diewald.de\/\">Weiterlesen <span class=\"meta-nav\">&rarr;<\/span><\/a><\/p>\n","protected":false},"author":1,"featured_media":227,"parent":0,"menu_order":0,"comment_status":"closed","ping_status":"closed","template":"","meta":[],"yoast_head":"<!-- This site is optimized with the Yoast SEO plugin v20.6 - https:\/\/yoast.com\/wordpress\/plugins\/seo\/ -->\n<title>Herzlich Willkommen bei der Polsterei Diewald - Polsterei Diewald<\/title>\n<meta name=\"robots\" content=\"index, follow, max-snippet:-1, max-image-preview:large, max-video-preview:-1\" \/>\n<link rel=\"canonical\" href=\"https:\/\/polsterei-diewald.de\/\" \/>\n<meta property=\"og:locale\" content=\"de_DE\" \/>\n<meta property=\"og:type\" content=\"article\" \/>\n<meta property=\"og:title\" content=\"Herzlich Willkommen bei der Polsterei Diewald - Polsterei Diewald\" \/>\n<meta property=\"og:description\" content=\"Wir sind ein traditionelles Familienunternehmen mit \u00fcber\u00a040 Jahren Erfahrung. Unser Familienunternehmen besteht nun in zweiter Generation als Meisterbetrieb. Vater und Sohn haben das Handwerk von Grund auf gelernt. Unsere Werkstatt ist mit modernsten Maschinen ausger\u00fcstet,\u00a0damit Ihre Lieblingsst\u00fccke preiswert, zeitnah und &hellip; Weiterlesen &rarr;\" \/>\n<meta property=\"og:url\" content=\"https:\/\/polsterei-diewald.de\/\" \/>\n<meta property=\"og:site_name\" content=\"Polsterei Diewald\" \/>\n<meta property=\"article:modified_time\" content=\"2013-06-15T12:29:13+00:00\" \/>\n<meta property=\"og:image\" content=\"https:\/\/polsterei-diewald.de\/wordpress-data\/wp-content\/uploads\/2013\/06\/Stoffrolle2_mod1.jpg\" \/>\n\t<meta property=\"og:image:width\" content=\"941\" \/>\n\t<meta property=\"og:image:height\" content=\"198\" \/>\n\t<meta property=\"og:image:type\" content=\"image\/jpeg\" \/>\n<meta name=\"twitter:card\" content=\"summary_large_image\" \/>\n<meta name=\"twitter:label1\" content=\"Gesch\u00e4tzte Lesezeit\" \/>\n\t<meta name=\"twitter:data1\" content=\"1\u00a0Minute\" \/>\n<script type=\"application\/ld+json\" class=\"yoast-schema-graph\">{\"@context\":\"https:\/\/schema.org\",\"@graph\":[{\"@type\":\"WebPage\",\"@id\":\"https:\/\/polsterei-diewald.de\/\",\"url\":\"https:\/\/polsterei-diewald.de\/\",\"name\":\"Herzlich Willkommen bei der Polsterei Diewald - Polsterei Diewald\",\"isPartOf\":{\"@id\":\"https:\/\/polsterei-diewald.de\/#website\"},\"datePublished\":\"2013-06-09T14:17:36+00:00\",\"dateModified\":\"2013-06-15T12:29:13+00:00\",\"breadcrumb\":{\"@id\":\"https:\/\/polsterei-diewald.de\/#breadcrumb\"},\"inLanguage\":\"de\",\"potentialAction\":[{\"@type\":\"ReadAction\",\"target\":[\"https:\/\/polsterei-diewald.de\/\"]}]},{\"@type\":\"BreadcrumbList\",\"@id\":\"https:\/\/polsterei-diewald.de\/#breadcrumb\",\"itemListElement\":[{\"@type\":\"ListItem\",\"position\":1,\"name\":\"Startseite\",\"item\":\"https:\/\/polsterei-diewald.de\/\"},{\"@type\":\"ListItem\",\"position\":2,\"name\":\"Herzlich Willkommen bei der Polsterei Diewald\"}]},{\"@type\":\"WebSite\",\"@id\":\"https:\/\/polsterei-diewald.de\/#website\",\"url\":\"https:\/\/polsterei-diewald.de\/\",\"name\":\"Polsterei Diewald\",\"description\":\"Gardinen und M\u00f6bel aus Meisterhand\",\"potentialAction\":[{\"@type\":\"SearchAction\",\"target\":{\"@type\":\"EntryPoint\",\"urlTemplate\":\"https:\/\/polsterei-diewald.de\/?s={search_term_string}\"},\"query-input\":\"required name=search_term_string\"}],\"inLanguage\":\"de\"}]}<\/script>\n<!-- \/ Yoast SEO plugin. -->","yoast_head_json":{"title":"Herzlich Willkommen bei der Polsterei Diewald - Polsterei Diewald","robots":{"index":"index","follow":"follow","max-snippet":"max-snippet:-1","max-image-preview":"max-image-preview:large","max-video-preview":"max-video-preview:-1"},"canonical":"https:\/\/polsterei-diewald.de\/","og_locale":"de_DE","og_type":"article","og_title":"Herzlich Willkommen bei der Polsterei Diewald - Polsterei Diewald","og_description":"Wir sind ein traditionelles Familienunternehmen mit \u00fcber\u00a040 Jahren Erfahrung. Unser Familienunternehmen besteht nun in zweiter Generation als Meisterbetrieb. Vater und Sohn haben das Handwerk von Grund auf gelernt. Unsere Werkstatt ist mit modernsten Maschinen ausger\u00fcstet,\u00a0damit Ihre Lieblingsst\u00fccke preiswert, zeitnah und &hellip; Weiterlesen &rarr;","og_url":"https:\/\/polsterei-diewald.de\/","og_site_name":"Polsterei Diewald","article_modified_time":"2013-06-15T12:29:13+00:00","og_image":[{"width":941,"height":198,"url":"https:\/\/polsterei-diewald.de\/wordpress-data\/wp-content\/uploads\/2013\/06\/Stoffrolle2_mod1.jpg","type":"image\/jpeg"}],"twitter_card":"summary_large_image","twitter_misc":{"Gesch\u00e4tzte Lesezeit":"1\u00a0Minute"},"schema":{"@context":"https:\/\/schema.org","@graph":[{"@type":"WebPage","@id":"https:\/\/polsterei-diewald.de\/","url":"https:\/\/polsterei-diewald.de\/","name":"Herzlich Willkommen bei der Polsterei Diewald - Polsterei Diewald","isPartOf":{"@id":"https:\/\/polsterei-diewald.de\/#website"},"datePublished":"2013-06-09T14:17:36+00:00","dateModified":"2013-06-15T12:29:13+00:00","breadcrumb":{"@id":"https:\/\/polsterei-diewald.de\/#breadcrumb"},"inLanguage":"de","potentialAction":[{"@type":"ReadAction","target":["https:\/\/polsterei-diewald.de\/"]}]},{"@type":"BreadcrumbList","@id":"https:\/\/polsterei-diewald.de\/#breadcrumb","itemListElement":[{"@type":"ListItem","position":1,"name":"Startseite","item":"https:\/\/polsterei-diewald.de\/"},{"@type":"ListItem","position":2,"name":"Herzlich Willkommen bei der Polsterei Diewald"}]},{"@type":"WebSite","@id":"https:\/\/polsterei-diewald.de\/#website","url":"https:\/\/polsterei-diewald.de\/","name":"Polsterei Diewald","description":"Gardinen und M\u00f6bel aus Meisterhand","potentialAction":[{"@type":"SearchAction","target":{"@type":"EntryPoint","urlTemplate":"https:\/\/polsterei-diewald.de\/?s={search_term_string}"},"query-input":"required name=search_term_string"}],"inLanguage":"de"}]}},"_links":{"self":[{"href":"https:\/\/polsterei-diewald.de\/index.php?rest_route=\/wp\/v2\/pages\/2"}],"collection":[{"href":"https:\/\/polsterei-diewald.de\/index.php?rest_route=\/wp\/v2\/pages"}],"about":[{"href":"https:\/\/polsterei-diewald.de\/index.php?rest_route=\/wp\/v2\/types\/page"}],"author":[{"embeddable":true,"href":"https:\/\/polsterei-diewald.de\/index.php?rest_route=\/wp\/v2\/users\/1"}],"replies":[{"embeddable":true,"href":"https:\/\/polsterei-diewald.de\/index.php?rest_route=%2Fwp%2Fv2%2Fcomments&post=2"}],"version-history":[{"count":43,"href":"https:\/\/polsterei-diewald.de\/index.php?rest_route=\/wp\/v2\/pages\/2\/revisions"}],"predecessor-version":[{"id":11,"href":"https:\/\/polsterei-diewald.de\/index.php?rest_route=\/wp\/v2\/pages\/2\/revisions\/11"}],"wp:featuredmedia":[{"embeddable":true,"href":"https:\/\/polsterei-diewald.de\/index.php?rest_route=\/wp\/v2\/media\/227"}],"wp:attachment":[{"href":"https:\/\/polsterei-diewald.de\/index.php?rest_route=%2Fwp%2Fv2%2Fmedia&parent=2"}],"curies":[{"name":"wp","href":"https:\/\/api.w.org\/{rel}","templated":true}]}}